{"id":127,"date":"2016-11-26T19:05:24","date_gmt":"2016-11-26T18:05:24","guid":{"rendered":"http:\/\/herr-esseling.de\/wordpress\/?page_id=127"},"modified":"2016-12-28T16:20:49","modified_gmt":"2016-12-28T15:20:49","slug":"lineare-funktionen","status":"publish","type":"page","link":"http:\/\/herr-esseling.de\/wordpress\/mathematik\/klasse-8\/lineare-funktionen\/","title":{"rendered":"Lineare Funktionen"},"content":{"rendered":"<h3>Funktionen allgemein<\/h3>\n<p>Starte die <a href=\"http:\/\/tiburski.de\/cybernautenshop\/virtuelle_schule\/dfu\/lineare_funktionen\/funktionsmaschine.html\">Funktionsmaschine <\/a>und bearbeite auch die <a href=\"http:\/\/tiburski.de\/cybernautenshop\/virtuelle_schule\/dfu\/lineare_funktionen\/funktionsmaschine_II.html\">\u00dcbungsseite<\/a>!<\/p>\n<h3>\u00dcbungen zu linearen Funktionen<\/h3>\n<p>Versuche bei jeder \u00dcbung die angegebene Punktzahl zu erreichen!<\/p>\n<ol>\n<li>Geraden zeichnen: <a href=\"http:\/\/www.realmath.de\/Neues\/Klasse8\/linfkt\/geradezeichnen.php\">http:\/\/www.realmath.de\/Neues\/Klasse8\/linfkt\/geradezeichnen.php<\/a><\/li>\n<li>Geradengleichung ablesen: <a href=\"http:\/\/www.realmath.de\/Neues\/Klasse8\/linfkt\/geradeablesen.html\">http:\/\/www.realmath.de\/Neues\/Klasse8\/linfkt\/geradeablesen.html<\/a><\/li>\n<li>Finde die richtige Gerade: <a href=\"http:\/\/www.realmath.de\/Neues\/Klasse8\/linearefunktion\/findeg.html\">http:\/\/www.realmath.de\/Neues\/Klasse8\/linearefunktion\/findeg.html<\/a><\/li>\n<li>positiv oder negativ?: <a href=\"http:\/\/www.realmath.de\/Neues\/Klasse8\/linearefunktion\/findemundt.html\">http:\/\/www.realmath.de\/Neues\/Klasse8\/linearefunktion\/findemundt.html<\/a><\/li>\n<\/ol>\n","protected":false},"excerpt":{"rendered":"<p>Funktionen allgemein Starte die Funktionsmaschine und bearbeite auch die \u00dcbungsseite! \u00dcbungen zu linearen Funktionen Versuche bei jeder \u00dcbung die angegebene Punktzahl zu erreichen! Geraden zeichnen: http:\/\/www.realmath.de\/Neues\/Klasse8\/linfkt\/geradezeichnen.php Geradengleichung ablesen: http:\/\/www.realmath.de\/Neues\/Klasse8\/linfkt\/geradeablesen.html Finde die richtige Gerade: http:\/\/www.realmath.de\/Neues\/Klasse8\/linearefunktion\/findeg.html positiv oder negativ?: http:\/\/www.realmath.de\/Neues\/Klasse8\/linearefunktion\/findemundt.html<\/p>\n","protected":false},"author":1,"featured_media":0,"parent":132,"menu_order":0,"comment_status":"closed","ping_status":"closed","template":"","meta":[],"_links":{"self":[{"href":"http:\/\/herr-esseling.de\/wordpress\/wp-json\/wp\/v2\/pages\/127"}],"collection":[{"href":"http:\/\/herr-esseling.de\/wordpress\/wp-json\/wp\/v2\/pages"}],"about":[{"href":"http:\/\/herr-esseling.de\/wordpress\/wp-json\/wp\/v2\/types\/page"}],"author":[{"embeddable":true,"href":"http:\/\/herr-esseling.de\/wordpress\/wp-json\/wp\/v2\/users\/1"}],"replies":[{"embeddable":true,"href":"http:\/\/herr-esseling.de\/wordpress\/wp-json\/wp\/v2\/comments?post=127"}],"version-history":[{"count":1,"href":"http:\/\/herr-esseling.de\/wordpress\/wp-json\/wp\/v2\/pages\/127\/revisions"}],"predecessor-version":[{"id":128,"href":"http:\/\/herr-esseling.de\/wordpress\/wp-json\/wp\/v2\/pages\/127\/revisions\/128"}],"up":[{"embeddable":true,"href":"http:\/\/herr-esseling.de\/wordpress\/wp-json\/wp\/v2\/pages\/132"}],"wp:attachment":[{"href":"http:\/\/herr-esseling.de\/wordpress\/wp-json\/wp\/v2\/media?parent=127"}],"curies":[{"name":"wp","href":"https:\/\/api.w.org\/{rel}","templated":true}]}}