{"id":16,"date":"2015-07-29T21:12:00","date_gmt":"2015-07-29T20:12:00","guid":{"rendered":"http:\/\/herr-esseling.de\/wordpress\/?page_id=16"},"modified":"2016-11-20T14:46:25","modified_gmt":"2016-11-20T13:46:25","slug":"grundlagen","status":"publish","type":"page","link":"http:\/\/herr-esseling.de\/wordpress\/chemie\/grundlagen\/","title":{"rendered":"Grundlagen"},"content":{"rendered":"<div>\n<div id=\"wikitext\">\n<p>Hier geht es um den Anfangsunterricht in Chemie (Klasse 7). Sch\u00f6ne Online-Materialien dazu gibt es auf der Seite von Herrn Mathey: <a class=\"urllink\" href=\"http:\/\/www.mathey-web.de\/schulweb\/klasse-mathey-unterrichtsmaterial\/ch-downloads.htm#Jahrgangsstufe7\" rel=\"nofollow\">www.mathey-web.de<\/a><\/p>\n<h2>Teilchenmodell<\/h2>\n<ol>\n<li>Schau dir die Animation <a class=\"urllink\" href=\"http:\/\/www.mathey-web.de\/schulweb\/klasse-mathey-unterrichtsmaterial\/mediathek-chemie\/mediathek-ch-teilchenmodell.swf\" rel=\"nofollow\">Teilchenmodell<\/a> an. <strong>Zeichne<\/strong> und <strong>erkl\u00e4re<\/strong> auf dem Arbeitsblatt, was man unter einer <em>gleichm\u00e4\u00dfigen L\u00f6sung<\/em> versteht!<\/li>\n<li>Die Animation zu den <a class=\"urllink\" href=\"http:\/\/www.mathey-web.de\/schulweb\/klasse-mathey-unterrichtsmaterial\/mediathek-chemie\/mediathek-ch-aggregatzustaende.swf\" rel=\"nofollow\">Aggregatzust\u00e4nden<\/a> zeigt eine Anwendung des Teilchenmodells. Schau sie dir genau an und f\u00fclle dazu das <a href=\"http:\/\/www.herr-esseling.de\/chemie\/aggregatzustaende.pdf\">Arbeitsblatt <\/a>aus! Bearbeite auch die \u00dcbungen.<\/li>\n<li>Falls noch Zeit ist, bearbeite die \u00dcbung <a class=\"urllink\" href=\"http:\/\/www.mathey-web.de\/schulweb\/klasse-mathey-unterrichtsmaterial\/mediathek-chemie\/mediathek-ch-schmelz%20und%20siedepunkt.swf\" rel=\"nofollow\">Schmelz- und Siedepunkte<\/a>!<\/li>\n<\/ol>\n<h2>Stoffeigenschaften<\/h2>\n<ul>\n<li>W\u00e4hle des Kapitel &#8222;Stoffeigenschaften&#8220; im <a class=\"urllink\" href=\"http:\/\/www.chemiekiste.de\/Chemiebox\/Trainer\/hms.html\" rel=\"nofollow\">Chemie-Trainer<\/a> aus!<\/li>\n<\/ul>\n<h2>Stoffgemische und Trennverfahren<\/h2>\n<ul>\n<li>Interaktive <a class=\"urllink\" href=\"http:\/\/www.mathey-web.de\/schulweb\/klasse-mathey-unterrichtsmaterial\/mediathek-chemie\/mediathek-ch-destillation.swf\" rel=\"nofollow\">Destillation<\/a><\/li>\n<li><a class=\"urllink\" href=\"http:\/\/www.basf.com\/group\/corporate\/site-ludwigshafen\/de_DE\/function\/conversions:\/publish\/content\/about-basf\/worldwide\/europe\/Ludwigshafen\/Education\/Interaktive_Experimente\/data\/modul_5\/index.html\" rel=\"nofollow\">Absender gesucht<\/a>: Virtuelles Experiment zur Chromatographie (BASF Virtual Lab)<\/li>\n<li><a class=\"urllink\" href=\"http:\/\/www.standort-ludwigshafen.basf.de\/group\/corporate\/site-ludwigshafen\/de_DE\/function\/conversions:\/publish\/content\/about-basf\/worldwide\/europe\/Ludwigshafen\/Education\/Interaktive_Experimente\/data\/modul_1\/index.html\" rel=\"nofollow\">Trennung von Schmutzwasser<\/a><\/li>\n<li>Weitere Experimente: <a class=\"urllink\" href=\"http:\/\/www.basf.com\/group\/corporate\/de\/about-basf\/worldwide\/europe\/Ludwigshafen\/Education\/Interaktive_Experimente\/index\" rel=\"nofollow\">http:\/\/www.basf.com\/group\/corporate\/de\/about-basf\/worldwide\/europe\/Ludwigshafen\/Education\/Interaktive_Experimente\/index<\/a><\/li>\n<\/ul>\n<h2>Chemische Reaktion<\/h2>\n<ul>\n<li>Reaktion von Zink mit Schwefel im <a href=\"https:\/\/www.youtube.com\/watch?v=PEw6xp1f5OU\">Video<\/a><\/li>\n<\/ul>\n<p><iframe loading=\"lazy\" width=\"560\" height=\"315\" src=\"https:\/\/www.youtube.com\/embed\/PEw6xp1f5OU\" frameborder=\"0\" allowfullscreen><\/iframe>\n<\/div>\n<\/div>\n","protected":false},"excerpt":{"rendered":"<p>Hier geht es um den Anfangsunterricht in Chemie (Klasse 7). Sch\u00f6ne Online-Materialien dazu gibt es auf der Seite von Herrn Mathey: www.mathey-web.de Teilchenmodell Schau dir die Animation Teilchenmodell an. Zeichne und erkl\u00e4re auf dem Arbeitsblatt, was man unter einer gleichm\u00e4\u00dfigen L\u00f6sung versteht! Die Animation zu den Aggregatzust\u00e4nden zeigt eine Anwendung des Teilchenmodells. Schau sie dir [&hellip;]<\/p>\n","protected":false},"author":1,"featured_media":0,"parent":10,"menu_order":1,"comment_status":"closed","ping_status":"closed","template":"","meta":[],"_links":{"self":[{"href":"http:\/\/herr-esseling.de\/wordpress\/wp-json\/wp\/v2\/pages\/16"}],"collection":[{"href":"http:\/\/herr-esseling.de\/wordpress\/wp-json\/wp\/v2\/pages"}],"about":[{"href":"http:\/\/herr-esseling.de\/wordpress\/wp-json\/wp\/v2\/types\/page"}],"author":[{"embeddable":true,"href":"http:\/\/herr-esseling.de\/wordpress\/wp-json\/wp\/v2\/users\/1"}],"replies":[{"embeddable":true,"href":"http:\/\/herr-esseling.de\/wordpress\/wp-json\/wp\/v2\/comments?post=16"}],"version-history":[{"count":3,"href":"http:\/\/herr-esseling.de\/wordpress\/wp-json\/wp\/v2\/pages\/16\/revisions"}],"predecessor-version":[{"id":295,"href":"http:\/\/herr-esseling.de\/wordpress\/wp-json\/wp\/v2\/pages\/16\/revisions\/295"}],"up":[{"embeddable":true,"href":"http:\/\/herr-esseling.de\/wordpress\/wp-json\/wp\/v2\/pages\/10"}],"wp:attachment":[{"href":"http:\/\/herr-esseling.de\/wordpress\/wp-json\/wp\/v2\/media?parent=16"}],"curies":[{"name":"wp","href":"https:\/\/api.w.org\/{rel}","templated":true}]}}