{"id":189,"date":"2019-09-27T07:53:42","date_gmt":"2019-09-27T06:53:42","guid":{"rendered":"http:\/\/herr-esseling.de\/wordpress\/?page_id=189"},"modified":"2019-09-27T07:59:02","modified_gmt":"2019-09-27T06:59:02","slug":"impressum","status":"publish","type":"page","link":"http:\/\/herr-esseling.de\/wordpress\/impressum\/","title":{"rendered":"Impressum"},"content":{"rendered":"\n<p>Diese Webseite wird betrieben von<\/p>\n\n\n\n<p>Thorsten E\u00dfeling<br>Lehmkamp 20<br>48161 M\u00fcnster<br>Kontakt: post (@) herr-esseling.de<\/p>\n\n\n\n<p>Sie dient in erster Linie als Linksammlung f\u00fcr meine Sch\u00fclerinnen und Sch\u00fcler. Trotz sorgf\u00e4ltiger Pr\u00fcfung kann f\u00fcr die enthaltenen Links und Verweise keine Haftung \u00fcbernommen werden.<\/p>\n","protected":false},"excerpt":{"rendered":"<p>Diese Webseite wird betrieben von Thorsten E\u00dfelingLehmkamp 2048161 M\u00fcnsterKontakt: post (@) herr-esseling.de Sie dient in erster Linie als Linksammlung f\u00fcr meine Sch\u00fclerinnen und Sch\u00fcler. Trotz sorgf\u00e4ltiger Pr\u00fcfung kann f\u00fcr die enthaltenen Links und Verweise keine Haftung \u00fcbernommen werden.<\/p>\n","protected":false},"author":1,"featured_media":0,"parent":0,"menu_order":0,"comment_status":"closed","ping_status":"closed","template":"","meta":[],"_links":{"self":[{"href":"http:\/\/herr-esseling.de\/wordpress\/wp-json\/wp\/v2\/pages\/189"}],"collection":[{"href":"http:\/\/herr-esseling.de\/wordpress\/wp-json\/wp\/v2\/pages"}],"about":[{"href":"http:\/\/herr-esseling.de\/wordpress\/wp-json\/wp\/v2\/types\/page"}],"author":[{"embeddable":true,"href":"http:\/\/herr-esseling.de\/wordpress\/wp-json\/wp\/v2\/users\/1"}],"replies":[{"embeddable":true,"href":"http:\/\/herr-esseling.de\/wordpress\/wp-json\/wp\/v2\/comments?post=189"}],"version-history":[{"count":2,"href":"http:\/\/herr-esseling.de\/wordpress\/wp-json\/wp\/v2\/pages\/189\/revisions"}],"predecessor-version":[{"id":192,"href":"http:\/\/herr-esseling.de\/wordpress\/wp-json\/wp\/v2\/pages\/189\/revisions\/192"}],"wp:attachment":[{"href":"http:\/\/herr-esseling.de\/wordpress\/wp-json\/wp\/v2\/media?parent=189"}],"curies":[{"name":"wp","href":"https:\/\/api.w.org\/{rel}","templated":true}]}}