{"id":2,"date":"2014-11-21T04:51:49","date_gmt":"2014-11-21T04:51:49","guid":{"rendered":"http:\/\/localhost\/wordpress-4.0.1\/wordpress\/?page_id=2"},"modified":"2019-10-16T09:59:59","modified_gmt":"2019-10-16T08:59:59","slug":"sample-page","status":"publish","type":"page","link":"http:\/\/herr-esseling.de\/wordpress\/","title":{"rendered":"Herzlich willkommen!"},"content":{"rendered":"<p>Auf dieser Seite finden Sch\u00fclerinnen und Sch\u00fcler sowie andere Interessenten \u00dcbungsmaterial und weiterf\u00fchrende Links zu den Unterrichtsinhalten in Mathematik, Erdkunde und Chemie.<\/p>\n<p>Viel Spa\u00df!<\/p>\n<p>\u00a0<\/p>\n<h2>Aktuell<\/h2>\n\n<ul class=\"wp-block-latest-posts__list has-dates wp-block-latest-posts\"><li><a href=\"http:\/\/herr-esseling.de\/wordpress\/knobeln-mathe-treff\/\">Knobeln: Mathe-Treff<\/a><time datetime=\"2019-10-05T21:47:55+01:00\" class=\"wp-block-latest-posts__post-date\">5. Oktober 2019<\/time><\/li>\n<li><a href=\"http:\/\/herr-esseling.de\/wordpress\/zentrale-pruefungen\/\">Zentrale Pr\u00fcfungen<\/a><time datetime=\"2019-10-05T21:42:57+01:00\" class=\"wp-block-latest-posts__post-date\">5. Oktober 2019<\/time><\/li>\n<li><a href=\"http:\/\/herr-esseling.de\/wordpress\/aktuelle-wettbewerbe\/\">Wettbewerbe MINT<\/a><time datetime=\"2019-09-29T21:00:02+01:00\" class=\"wp-block-latest-posts__post-date\">29. September 2019<\/time><\/li>\n<\/ul>","protected":false},"excerpt":{"rendered":"<p>Auf dieser Seite finden Sch\u00fclerinnen und Sch\u00fcler sowie andere Interessenten \u00dcbungsmaterial und weiterf\u00fchrende Links zu den Unterrichtsinhalten in Mathematik, Erdkunde und Chemie. Viel Spa\u00df! \u00a0 Aktuell<\/p>\n","protected":false},"author":1,"featured_media":0,"parent":0,"menu_order":0,"comment_status":"closed","ping_status":"closed","template":"","meta":[],"_links":{"self":[{"href":"http:\/\/herr-esseling.de\/wordpress\/wp-json\/wp\/v2\/pages\/2"}],"collection":[{"href":"http:\/\/herr-esseling.de\/wordpress\/wp-json\/wp\/v2\/pages"}],"about":[{"href":"http:\/\/herr-esseling.de\/wordpress\/wp-json\/wp\/v2\/types\/page"}],"author":[{"embeddable":true,"href":"http:\/\/herr-esseling.de\/wordpress\/wp-json\/wp\/v2\/users\/1"}],"replies":[{"embeddable":true,"href":"http:\/\/herr-esseling.de\/wordpress\/wp-json\/wp\/v2\/comments?post=2"}],"version-history":[{"count":12,"href":"http:\/\/herr-esseling.de\/wordpress\/wp-json\/wp\/v2\/pages\/2\/revisions"}],"predecessor-version":[{"id":270,"href":"http:\/\/herr-esseling.de\/wordpress\/wp-json\/wp\/v2\/pages\/2\/revisions\/270"}],"wp:attachment":[{"href":"http:\/\/herr-esseling.de\/wordpress\/wp-json\/wp\/v2\/media?parent=2"}],"curies":[{"name":"wp","href":"https:\/\/api.w.org\/{rel}","templated":true}]}}