{"id":34,"date":"2015-07-29T22:03:55","date_gmt":"2015-07-29T21:03:55","guid":{"rendered":"http:\/\/herr-esseling.de\/wordpress\/?page_id=34"},"modified":"2020-06-09T12:31:44","modified_gmt":"2020-06-09T11:31:44","slug":"elektrochemie","status":"publish","type":"page","link":"http:\/\/herr-esseling.de\/wordpress\/chemie\/elektrochemie\/","title":{"rendered":"Redoxreaktionen"},"content":{"rendered":"<h2>Grundlagen: Metallbindung<\/h2>\n\n\n<figure class=\"wp-block-embed-youtube wp-block-embed is-type-video is-provider-youtube wp-embed-aspect-16-9 wp-has-aspect-ratio\"><div class=\"wp-block-embed__wrapper\">\n   <iframe loading=\"lazy\" title=\"Metallische Bindungen - einfach erkl\u00e4rt! \u25cf Gehe auf SIMPLECLUB.DE\/GO &amp; werde #EinserSch\u00fcler\" width=\"616\" height=\"347\" src=\"https:\/\/www.youtube.com\/embed\/Z6L8LD4EV3w?feature=oembed\" frameborder=\"0\" allow=\"accelerometer; autoplay; encrypted-media; gyroscope; picture-in-picture\" allowfullscreen><\/iframe>\n<\/div><\/figure>\n\n\n\n<figure class=\"wp-block-embed-youtube wp-block-embed is-type-video is-provider-youtube wp-embed-aspect-16-9 wp-has-aspect-ratio\"><div class=\"wp-block-embed__wrapper\">\n<iframe loading=\"lazy\" title=\"Metallbindungen einfach erkl\u00e4rt I musstewissen Chemie\" width=\"616\" height=\"347\" src=\"https:\/\/www.youtube.com\/embed\/0bvldHVL_TU?feature=oembed\" frameborder=\"0\" allow=\"accelerometer; autoplay; encrypted-media; gyroscope; picture-in-picture\" allowfullscreen><\/iframe>\n<\/div><\/figure>\n\n\n\n<h2>Eisenagel in Kupfersulfat<\/h2>\n\n\n\n<p>1) Schau dir das Video <a href=\"https:\/\/www.youtube.com\/watch?v=4DktB5jp2AY\">https:\/\/www.youtube.com\/watch?v=4DktB5jp2AY<\/a> an.<\/p>\n\n\n\n<figure class=\"wp-block-embed-youtube wp-block-embed is-type-video is-provider-youtube wp-embed-aspect-4-3 wp-has-aspect-ratio\"><div class=\"wp-block-embed__wrapper\">\n<iframe loading=\"lazy\" title=\"V118 ion nail in coppersulfatesolution - Eisennagel in Kupfersulfat\" width=\"616\" height=\"462\" src=\"https:\/\/www.youtube.com\/embed\/4DktB5jp2AY?feature=oembed\" frameborder=\"0\" allow=\"accelerometer; autoplay; encrypted-media; gyroscope; picture-in-picture\" allowfullscreen><\/iframe>\n<\/div><figcaption>Eisennagel in Kupfersulfat<\/figcaption><\/figure>\n\n\n\n<p class=\"has-text-color has-accent-color\">Schreibe dazu ein kurzes <strong>Versuchsprotokoll <\/strong>(Material, Durchf\u00fchrung, Beobachtungen).<\/p>\n\n\n\n<p><em>Hinweis: Kupfersulfat ist ein blaues Salz, das sich gut in Wasser l\u00f6st. Kupfersulfatl\u00f6sung enth\u00e4lt Kupferionen (Cu2+) und Sulfationen (SO4 2-).<\/em><\/p>\n\n\n\n<p>2) Wie lassen sich die Beobachtungen im Teilchenmodell erkl\u00e4ren? Schau dir dazu die Animation <a href=\"http:\/\/www.chemie-interaktiv.net\/html5_flash\/a170.html\">www.chemie-interaktiv.net\/html5_flash\/a170.html<\/a> an.<\/p>\n\n\n\n<div class=\"wp-block-cover has-background-dim\" style=\"background-image:url(http:\/\/herr-esseling.de\/wordpress\/wp-content\/uploads\/2020\/05\/eisennagel_chemieinteraktiv.png)\"><div class=\"wp-block-cover__inner-container\">\n<p class=\"has-text-align-center has-large-font-size\"><a href=\"http:\/\/www.chemie-interaktiv.net\/html5_flash\/a170.html\">http:\/\/www.chemie-interaktiv.net\/html5_flash\/a170.html<\/a><\/p>\n<\/div><\/div>\n\n\n\n<p class=\"has-text-color has-accent-color\"><strong>Beschreibe<\/strong>, was hier mit den beteiligten Atomen und Ionen geschieht. Veranschauliche den entscheidenen Schritt durch eine <strong>Zeichnung<\/strong>.<\/p>\n\n\n\n<p>3) <strong>Erkl\u00e4re <\/strong>die chemischen Vorg\u00e4nge nun mithilfe der Begriffe <em>Oxidation<\/em>, <em>Reduktion <\/em>und <em>Redoxreaktion <\/em>und notiere f\u00fcr die einzelnen Schritte eine <strong>Reaktionsgleichung <\/strong>(Hilfe: Buch S. 110 oder <a href=\"https:\/\/www.youtube.com\/watch?v=hNb-EUxJN7U)\">https:\/\/www.youtube.com\/watch?v=hNb-EUxJN7U)<\/a>.<\/p>\n\n\n\n<h2>Elektrolyse<\/h2>\n\n\n\n<figure class=\"wp-block-embed-youtube wp-block-embed is-type-video is-provider-youtube wp-embed-aspect-16-9 wp-has-aspect-ratio\"><div class=\"wp-block-embed__wrapper\">\n<iframe loading=\"lazy\" title=\"Elektrolyse von Zinkiodid im Microscale\" width=\"616\" height=\"347\" src=\"https:\/\/www.youtube.com\/embed\/nr9OJvYA9jg?feature=oembed\" frameborder=\"0\" allow=\"accelerometer; autoplay; encrypted-media; gyroscope; picture-in-picture\" allowfullscreen><\/iframe>\n<\/div><figcaption>Elektrolyse von Zinkiodid<\/figcaption><\/figure>\n\n\n\n<p>Aufgaben zum Video:<br>1) <strong>Zeichne <\/strong>den <strong>Versuchsaufbau <\/strong>der Elektrolyse von ZInkiodid und <strong>beschreibe <\/strong>die <strong>Beobachtungen<\/strong>.<br>2) <strong>Erkl\u00e4re <\/strong>den Begriff &#8222;Elektrolyse&#8220; mit eigenen Worten.<br>3) Notiere die <strong>Reaktionsgleichungen <\/strong>der Elektrolyse von Zinkiodid an der Anode und der Kathode. Ordne die Begriffe &#8222;<em>Oxidation<\/em>&#8220; und &#8222;<em>Reduktion<\/em>&#8220; zu.<br>4) Statt Zinkiodid soll nun eine Elektrolyse von Kupferchlorid (CuCl2) durchgef\u00fchrt werden. Eine L\u00f6sung von Kupferchlorid enth\u00e4lt Kupferionen (Cu2+) und Chloridionen (Cl-).<br>a) Was m\u00fcsste man bei der Elektrolyse von Kupferchloridl\u00f6sung beobachten k\u00f6nnen?<br>b) Notiere die zugeh\u00f6rigen Reaktionsgleichungen.<\/p>\n\n\n\n<p>weitere Animationen:<\/p>\n\n\n\n<ul><li><a href=\"http:\/\/www.chemie-interaktiv.net\/html5_flash\/a160.html\">Chemie interaktiv<\/a>: Elektrolyse von Zinkiodid, temperaturabh\u00e4ngig. W\u00e4hle: L\u00f6sungen<\/li><li><a href=\"http:\/\/www.mathey-web.de\/schulweb\/klasse-mathey-unterrichtsmaterial\/mediathek-chemie\/mediathek-ch-elektrolyse%20von%20kupferchlorid.swf\">Animation<\/a>: Elektrolyse von Kupferchlorid<\/li><\/ul>\n\n\n\n<h2>Batterien<\/h2>\n\n\n\n<ul><li><a href=\"http:\/\/www.youtube.com\/watch?v=B63IeSoa6xA\">Film<\/a> Meilensteine der Naturwissenschaft: Volta und die Batterie<\/li><li><a href=\"http:\/\/www.chemie-interaktiv.net\/html_flash\/ff_galvanische_zelle.html\">Animation<\/a> Daniell-Element Kupfer\/Zin<\/li><\/ul>\n","protected":false},"excerpt":{"rendered":"<p>Grundlagen: Metallbindung Eisenagel in Kupfersulfat 1) Schau dir das Video https:\/\/www.youtube.com\/watch?v=4DktB5jp2AY an. Schreibe dazu ein kurzes Versuchsprotokoll (Material, Durchf\u00fchrung, Beobachtungen). Hinweis: Kupfersulfat ist ein blaues Salz, das sich gut in Wasser l\u00f6st. Kupfersulfatl\u00f6sung enth\u00e4lt Kupferionen (Cu2+) und Sulfationen (SO4 2-). 2) Wie lassen sich die Beobachtungen im Teilchenmodell erkl\u00e4ren? Schau dir dazu die Animation www.chemie-interaktiv.net\/html5_flash\/a170.html [&hellip;]<\/p>\n","protected":false},"author":1,"featured_media":0,"parent":10,"menu_order":6,"comment_status":"closed","ping_status":"closed","template":"","meta":[],"_links":{"self":[{"href":"http:\/\/herr-esseling.de\/wordpress\/wp-json\/wp\/v2\/pages\/34"}],"collection":[{"href":"http:\/\/herr-esseling.de\/wordpress\/wp-json\/wp\/v2\/pages"}],"about":[{"href":"http:\/\/herr-esseling.de\/wordpress\/wp-json\/wp\/v2\/types\/page"}],"author":[{"embeddable":true,"href":"http:\/\/herr-esseling.de\/wordpress\/wp-json\/wp\/v2\/users\/1"}],"replies":[{"embeddable":true,"href":"http:\/\/herr-esseling.de\/wordpress\/wp-json\/wp\/v2\/comments?post=34"}],"version-history":[{"count":5,"href":"http:\/\/herr-esseling.de\/wordpress\/wp-json\/wp\/v2\/pages\/34\/revisions"}],"predecessor-version":[{"id":330,"href":"http:\/\/herr-esseling.de\/wordpress\/wp-json\/wp\/v2\/pages\/34\/revisions\/330"}],"up":[{"embeddable":true,"href":"http:\/\/herr-esseling.de\/wordpress\/wp-json\/wp\/v2\/pages\/10"}],"wp:attachment":[{"href":"http:\/\/herr-esseling.de\/wordpress\/wp-json\/wp\/v2\/media?parent=34"}],"curies":[{"name":"wp","href":"https:\/\/api.w.org\/{rel}","templated":true}]}}