{"id":36,"date":"2015-07-29T22:04:40","date_gmt":"2015-07-29T21:04:40","guid":{"rendered":"http:\/\/herr-esseling.de\/wordpress\/?page_id=36"},"modified":"2020-05-13T13:10:05","modified_gmt":"2020-05-13T12:10:05","slug":"organische-chemie","status":"publish","type":"page","link":"http:\/\/herr-esseling.de\/wordpress\/chemie\/organische-chemie\/","title":{"rendered":"Organische Chemie"},"content":{"rendered":"<div>\n<h2>Vom Atom zum Molek\u00fcl<\/h2>\n<h2>Alkane und ihre Eigenschaften<\/h2>\n<p>Erkl\u00e4rvideos von &#8222;TheSimpleChemics&#8220;, z. B. zu den <a href=\"https:\/\/www.youtube.com\/watch?v=bXHor4n67Dg\">Van-der-Waals-Kr\u00e4ften<\/a> und verwandten Themen<\/p>\n<\/div>\n\n\n<h2>Verbrennung von Alkanen<\/h2>\n\n\n\n<p><\/p>\n\n\n\n<figure class=\"wp-block-embed-youtube wp-block-embed is-type-video is-provider-youtube wp-embed-aspect-16-9 wp-has-aspect-ratio\"><div class=\"wp-block-embed__wrapper\">\n<iframe loading=\"lazy\" title=\"Die vollst\u00e4ndige Verbrennung von Alkanen und Nachweis von Kohlenstoffdioxid und Wasser #10\" width=\"616\" height=\"347\" src=\"https:\/\/www.youtube.com\/embed\/4URR_5osU38?feature=oembed\" frameborder=\"0\" allow=\"accelerometer; autoplay; encrypted-media; gyroscope; picture-in-picture\" allowfullscreen><\/iframe>\n<\/div><\/figure>\n\n\n\n<h2>Isomerie und Nomenklatur<\/h2>\n\n\n\n<p>Was bedeutet Isomerie? <a href=\"https:\/\/www.chemie-schule.de\/Organische_Chemie\/Isomerie-Struktur_und_Eigenschaften.php\">Hier <\/a>nachlesen.<\/p>\n\n\n\n<figure class=\"wp-block-embed-youtube wp-block-embed is-type-video is-provider-youtube wp-embed-aspect-16-9 wp-has-aspect-ratio\"><div class=\"wp-block-embed__wrapper\">\n<iframe loading=\"lazy\" title=\"Was sind Alkane und Isomere?! \u25cf Gehe auf SIMPLECLUB.DE\/GO &amp; werde #EinserSch\u00fcler\" width=\"616\" height=\"347\" src=\"https:\/\/www.youtube.com\/embed\/Asdx7h8nGuM?feature=oembed\" frameborder=\"0\" allow=\"accelerometer; autoplay; encrypted-media; gyroscope; picture-in-picture\" allowfullscreen><\/iframe>\n<\/div><\/figure>\n\n\n\n<p>Aufgaben zur Isomerie:<\/p>\n\n\n\n<p>1) Nenne Gemeinsamkeiten und Unterschiede bei Isomeren.<\/p>\n\n\n\n<p>2) Notiere die Strukturformeln f\u00fcr die Molek\u00fcle aller Isomere des Hexans. <\/p>\n\n\n\n<p>3) Es kann keine Propanisomere geben. Begr\u00fcnde.<\/p>\n\n\n\n<figure class=\"wp-block-embed-youtube wp-block-embed is-type-video is-provider-youtube wp-embed-aspect-16-9 wp-has-aspect-ratio\"><div class=\"wp-block-embed__wrapper\">\n<iframe loading=\"lazy\" title=\"Strukturformeln lesen \/ Alkane benennen - Basics \u25cf Gehe auf SIMPLECLUB.DE\/GO &amp; werde #EinserSch\u00fcler\" width=\"616\" height=\"347\" src=\"https:\/\/www.youtube.com\/embed\/X_hOPaMDaVY?feature=oembed\" frameborder=\"0\" allow=\"accelerometer; autoplay; encrypted-media; gyroscope; picture-in-picture\" allowfullscreen><\/iframe>\n<\/div><\/figure>\n","protected":false},"excerpt":{"rendered":"<p>Vom Atom zum Molek\u00fcl Alkane und ihre Eigenschaften Erkl\u00e4rvideos von &#8222;TheSimpleChemics&#8220;, z. B. zu den Van-der-Waals-Kr\u00e4ften und verwandten Themen Verbrennung von Alkanen Isomerie und Nomenklatur Was bedeutet Isomerie? Hier nachlesen. Aufgaben zur Isomerie: 1) Nenne Gemeinsamkeiten und Unterschiede bei Isomeren. 2) Notiere die Strukturformeln f\u00fcr die Molek\u00fcle aller Isomere des Hexans. 3) Es kann keine [&hellip;]<\/p>\n","protected":false},"author":1,"featured_media":0,"parent":10,"menu_order":7,"comment_status":"closed","ping_status":"closed","template":"","meta":[],"_links":{"self":[{"href":"http:\/\/herr-esseling.de\/wordpress\/wp-json\/wp\/v2\/pages\/36"}],"collection":[{"href":"http:\/\/herr-esseling.de\/wordpress\/wp-json\/wp\/v2\/pages"}],"about":[{"href":"http:\/\/herr-esseling.de\/wordpress\/wp-json\/wp\/v2\/types\/page"}],"author":[{"embeddable":true,"href":"http:\/\/herr-esseling.de\/wordpress\/wp-json\/wp\/v2\/users\/1"}],"replies":[{"embeddable":true,"href":"http:\/\/herr-esseling.de\/wordpress\/wp-json\/wp\/v2\/comments?post=36"}],"version-history":[{"count":2,"href":"http:\/\/herr-esseling.de\/wordpress\/wp-json\/wp\/v2\/pages\/36\/revisions"}],"predecessor-version":[{"id":325,"href":"http:\/\/herr-esseling.de\/wordpress\/wp-json\/wp\/v2\/pages\/36\/revisions\/325"}],"up":[{"embeddable":true,"href":"http:\/\/herr-esseling.de\/wordpress\/wp-json\/wp\/v2\/pages\/10"}],"wp:attachment":[{"href":"http:\/\/herr-esseling.de\/wordpress\/wp-json\/wp\/v2\/media?parent=36"}],"curies":[{"name":"wp","href":"https:\/\/api.w.org\/{rel}","templated":true}]}}