{"id":38,"date":"2015-07-30T20:01:18","date_gmt":"2015-07-30T20:01:18","guid":{"rendered":"http:\/\/herr-esseling.de\/wordpress\/?page_id=38"},"modified":"2015-07-30T20:01:18","modified_gmt":"2015-07-30T20:01:18","slug":"mathematik","status":"publish","type":"page","link":"http:\/\/herr-esseling.de\/wordpress\/mathematik\/","title":{"rendered":"Mathematik"},"content":{"rendered":"<h2>Empfehlenswerte Matheseiten<\/h2>\n<ul>\n<li><a href=\"http:\/\/www.realmath.de\/\">http:\/\/www.realmath.de\/<\/a> &#8211; sehr gute interaktive \u00dcbungen zu fast allen Mathe-Themen der Sekundarstufe I<\/li>\n<li><a href=\"http:\/\/www.mathetreff-online.de\">http:\/\/www.mathetreff-online.de<\/a> &#8211; Mathelexikon, Matheaufgaben und Spa\u00df mit Mathe &#8211; inklusive Bastelecke!<\/li>\n<li><a class=\"urllink\" href=\"http:\/\/www.thomas-unkelbach.de\" target=\"_blank\" rel=\"nofollow\">http:\/\/www.thomas-unkelbach.de<\/a>: Umfangreiche Sammlung von \u00dcbungsaufgaben zu vielen mathematischen Themen<\/li>\n<li><a class=\"urllink\" href=\"http:\/\/www.arndt-bruenner.de\/mathe\/mathekurse.htm\" target=\"_blank\" rel=\"nofollow\">Arndt Br\u00fcnner<\/a> stellt auf seiner Seite sehr viel Material und Tools zu allen Gebieten der Mathematik zur Verf\u00fcgung<\/li>\n<\/ul>\n","protected":false},"excerpt":{"rendered":"<p>Empfehlenswerte Matheseiten http:\/\/www.realmath.de\/ &#8211; sehr gute interaktive \u00dcbungen zu fast allen Mathe-Themen der Sekundarstufe I http:\/\/www.mathetreff-online.de &#8211; Mathelexikon, Matheaufgaben und Spa\u00df mit Mathe &#8211; inklusive Bastelecke! http:\/\/www.thomas-unkelbach.de: Umfangreiche Sammlung von \u00dcbungsaufgaben zu vielen mathematischen Themen Arndt Br\u00fcnner stellt auf seiner Seite sehr viel Material und Tools zu allen Gebieten der Mathematik zur Verf\u00fcgung<\/p>\n","protected":false},"author":1,"featured_media":0,"parent":0,"menu_order":0,"comment_status":"open","ping_status":"open","template":"","meta":[],"_links":{"self":[{"href":"http:\/\/herr-esseling.de\/wordpress\/wp-json\/wp\/v2\/pages\/38"}],"collection":[{"href":"http:\/\/herr-esseling.de\/wordpress\/wp-json\/wp\/v2\/pages"}],"about":[{"href":"http:\/\/herr-esseling.de\/wordpress\/wp-json\/wp\/v2\/types\/page"}],"author":[{"embeddable":true,"href":"http:\/\/herr-esseling.de\/wordpress\/wp-json\/wp\/v2\/users\/1"}],"replies":[{"embeddable":true,"href":"http:\/\/herr-esseling.de\/wordpress\/wp-json\/wp\/v2\/comments?post=38"}],"version-history":[{"count":1,"href":"http:\/\/herr-esseling.de\/wordpress\/wp-json\/wp\/v2\/pages\/38\/revisions"}],"predecessor-version":[{"id":39,"href":"http:\/\/herr-esseling.de\/wordpress\/wp-json\/wp\/v2\/pages\/38\/revisions\/39"}],"wp:attachment":[{"href":"http:\/\/herr-esseling.de\/wordpress\/wp-json\/wp\/v2\/media?parent=38"}],"curies":[{"name":"wp","href":"https:\/\/api.w.org\/{rel}","templated":true}]}}